{"id":14347,"date":"2022-06-24T15:38:40","date_gmt":"2022-06-24T13:38:40","guid":{"rendered":"http:\/\/www.bernhard-lassahn.de\/?page_id=14347"},"modified":"2022-08-07T16:25:54","modified_gmt":"2022-08-07T14:25:54","slug":"kontrafunk","status":"publish","type":"page","link":"http:\/\/www.bernhard-lassahn.de\/?page_id=14347","title":{"rendered":"Kontrafunk"},"content":{"rendered":"<p>&nbsp;<\/p>\n<p><img fetchpriority=\"high\" decoding=\"async\" class=\"aligncenter size-full wp-image-14355\" src=\"http:\/\/www.bernhard-lassahn.de\/wp-content\/uploads\/2022\/06\/Bildschirmfoto-2022-06-24-um-15.28.18.png\" alt=\"\" width=\"470\" height=\"195\" srcset=\"http:\/\/www.bernhard-lassahn.de\/wp-content\/uploads\/2022\/06\/Bildschirmfoto-2022-06-24-um-15.28.18.png 470w, http:\/\/www.bernhard-lassahn.de\/wp-content\/uploads\/2022\/06\/Bildschirmfoto-2022-06-24-um-15.28.18-300x124.png 300w, http:\/\/www.bernhard-lassahn.de\/wp-content\/uploads\/2022\/06\/Bildschirmfoto-2022-06-24-um-15.28.18-150x62.png 150w, http:\/\/www.bernhard-lassahn.de\/wp-content\/uploads\/2022\/06\/Bildschirmfoto-2022-06-24-um-15.28.18-400x166.png 400w\" sizes=\"(max-width: 470px) 100vw, 470px\" \/><\/p>\n<p>&nbsp;<\/p>\n<p>Mit dem Sommeranfang, am 21. Juni um 6 Uhr in aller Fr\u00fche, startete in der Schweiz ein neuer Sender, der sich <a href=\"https:\/\/kontrafunk.radio\/de\/\">\u201eKontrafunk\u201c<\/a> nennt, \u201edie Stimme der Vernunft\u201c.<\/p>\n<p>Viele kennen die Stimme \u2013 die Stimme von Burkhard M\u00fcller-Ullrich. Es ist sein Sender. Er hat zum Stapellauf des Senders eine <a href=\"https:\/\/kontrafunk.radio\/de\/sendung-nachhoeren\/aus-der-redaktion\/zum-start-von-kontrafunk-eroeffnungsansprache-von-burkhard-mueller-ullrich\">Er\u00f6ffnungsansprache<\/a> gehalten, in der er erkl\u00e4rt, was er mit dem Sender will und warum er ihn f\u00fcr notwendig h\u00e4lt.<\/p>\n<p>Zwei Jahre lang konnte man seine Stimme auf der \u201eAchse des Guten\u201c h\u00f6ren. Mit der Reihe <a href=\"https:\/\/www.achgut.com\/suche\/eyJyZXN1bHRfcGFnZSI6InN1Y2hlXC9pbmRleCNzdWNoZXJnZWJuaXNzZSIsImtleXdvcmRzIjoiaW5kdWJpbyJ9#suchergebnisse\">\u201aindubio\u2018<\/a> hatte er ein Format f\u00fcr Podcasts entwickelt, das an die guten, alten Zeiten einer anspruchsvollen Radio-Kultur erinnerte: Da waren wieder Gespr\u00e4che zu h\u00f6ren, die kritisch, freundlich und tiefsinnig waren und zugleich mit einer gewissen Leichtigkeit und Vertr\u00e4glichkeit daherkamen \u2013 und etwas zur Sprache brachten, das man sonst nicht zu h\u00f6ren kriegte.<\/p>\n<p>Auf der Achse wird \u201aindubio\u2018 von <a href=\"https:\/\/www.achgut.com\/artikel\/indubio_am_sonntag_gerd_buurmann_stellt_sich_vor\">Gerd Buurmann<\/a> fortgesetzt. Burkhard M\u00fcller-Ullrich hat aus seinem Projekt einen richtigen Sender gemacht \u2013 einen Internet-Sender mit Nachrichten, Podcasts, Musik und Live-Sendungen, der rund um die Uhr sendet.<\/p>\n<p>Es gibt ein Morgen-, ein Mittags-, ein Abend- und ein Nachtprogramm: am Morgen Nachrichten, am Mittag Podcasts, am Abend Talkshows, in der Nacht Musik. Es rumpelt noch. Es gibt Anlaufschwierigkeiten, aber es l\u00e4uft gut an.<\/p>\n<p>Ich bin auch dabei. An jedem Donnerstag k\u00f6nnen Sie meine Sendung \u201eUnter Freunden\u201c h\u00f6ren. Immer um 20 Uhr und als Wiederholung um 23 Uhr, jeweils nach den Nachrichten.<\/p>\n<p>&nbsp;<\/p>\n<p><img decoding=\"async\" class=\"aligncenter size-medium wp-image-14915\" src=\"http:\/\/www.bernhard-lassahn.de\/wp-content\/uploads\/2022\/07\/dog-2606759_640-300x213.jpg\" alt=\"\" width=\"300\" height=\"213\" srcset=\"http:\/\/www.bernhard-lassahn.de\/wp-content\/uploads\/2022\/07\/dog-2606759_640-300x213.jpg 300w, http:\/\/www.bernhard-lassahn.de\/wp-content\/uploads\/2022\/07\/dog-2606759_640-150x107.jpg 150w, http:\/\/www.bernhard-lassahn.de\/wp-content\/uploads\/2022\/07\/dog-2606759_640-400x284.jpg 400w, http:\/\/www.bernhard-lassahn.de\/wp-content\/uploads\/2022\/07\/dog-2606759_640-140x100.jpg 140w, http:\/\/www.bernhard-lassahn.de\/wp-content\/uploads\/2022\/07\/dog-2606759_640.jpg 640w\" sizes=\"(max-width: 300px) 100vw, 300px\" \/><\/p>\n<h2 style=\"text-align: center;\">Unter Freunden<\/h2>\n<p>&nbsp;<\/p>\n<p>Wenn Ihnen der Termin nicht passt, k\u00f6nnen Sie die Sendungen nachh\u00f6ren. Dazu wurde ein <a href=\"https:\/\/kontrafunk.radio\/de\/sendung-nachhoeren\/talkshow\">Archiv<\/a> angelegt, wo Sie die Talkshows unter dem Stichwort \u201eUnter Freunden\u201c finden. Das hat anfangs nicht immer geklappt. Jetzt ist es besser.<\/p>\n<p>Manche Folgen sind von <a href=\"https:\/\/www.youtube.com\/results?search_query=kontrafunk+radio\">Youtube<\/a> \u00fcbernommen worden, manche nicht (offenbar gibt es noch Unstimmigkeiten mit dem Copyright). Es gibt au\u00dferdem eine <a href=\"https:\/\/www.facebook.com\/Kontrafunk\">Facebook-Seite<\/a> mit allen Sendungen des Abendprogramms, die mit kleinen Bildchen verziert sind. Meine Sendungen habe ich zus\u00e4tzlich hier \u2013 auf dieser Seite \u2013 zusammengestellt. Und obendrein kommentiert (das kommt noch).<\/p>\n<p>Das ist eben der Vorteil von einem Radio, das gleichzeitig das, was es gerade ausstrahlt, f\u00fcr sp\u00e4ter archiviert: Sie k\u00f6nnen den Zeitpunkt, an dem Sie das h\u00f6ren wollen, selbst ausw\u00e4hlen. Nachz\u00fcgler, die auf die Tr\u00e4gheit des Herzens R\u00fccksicht nehmen, haben wieder eine Chance. Wir werden jedenfalls nicht zur Kurzatmigkeit verdonnert. Nehmen Sie sich Zeit. Wann immer Sie wollen.<\/p>\n<p>Die neuen Techniken verschaffen dem gesprochenen Wort die Vorteile, die bisher dem geschriebenen Wort vorbehalten waren: Der H\u00f6rer kann selbst entscheiden, wann und wo er sich etwas zur Brust nimmt, so wie der Leser das gewohnt ist. Er kann Pausen einlegen \u2013 und es geht ihm nichts verloren.<\/p>\n<p>Meine Themen habe ich extra so ausgew\u00e4hlt, dass sie nicht in der Aktualit\u00e4t verpuffen. Es sind Themen f\u00fcr Langstreckenl\u00e4ufer. Es geht mir nicht um das Funkeln des Augenblicks, sondern um Zusammenh\u00e4nge und um Gedanken, die auch \u00fcbermorgen das Haltbarkeitsdatum noch nicht \u00fcberschritten haben. Das ist jedenfalls meine Absicht.<\/p>\n<p>Das Programm l\u00e4uft nun schon seit einem Monat, und doch gibt es immer wieder H\u00f6rer, die den Sender jetzt erst entdecken. Kein Wunder. Die Kan\u00e4le, die das Programm verbreiten \u2013 und darauf hinweisen \u2013, m\u00fcssen sich noch warmlaufen. Eine App ist in Arbeit. Dann k\u00f6nnen Sie sich ihr Menu zusammenstellen. Die Mundpropaganda l\u00e4uft schon auf vollen Touren. Von Mund zu Mund. Von Ohr zu Ohr.<\/p>\n<p>&nbsp;<\/p>\n","protected":false},"excerpt":{"rendered":"<p>&nbsp;<\/p>\n<\/p>\n<p>&nbsp;<\/p>\n<p>Mit dem Sommeranfang, am 21. Juni um 6 Uhr in aller Fr\u00fche, startete in der Schweiz ein neuer Sender, der sich \u201eKontrafunk\u201c nennt, \u201edie Stimme der Vernunft\u201c.<\/p>\n<p>Viele kennen die Stimme \u2013 die Stimme von Burkhard M\u00fcller-Ullrich. Es ist sein Sender. Er hat zum Stapellauf des Senders eine Er\u00f6ffnungsansprache gehalten, in der [&#8230;]<\/p>\n","protected":false},"author":1,"featured_media":0,"parent":0,"menu_order":0,"comment_status":"closed","ping_status":"closed","template":"","meta":{"_acf_changed":false,"qubely_global_settings":"","qubely_interactions":"","footnotes":""},"class_list":["post-14347","page","type-page","status-publish","hentry","odd"],"acf":[],"jetpack_sharing_enabled":true,"_links":{"self":[{"href":"http:\/\/www.bernhard-lassahn.de\/index.php?rest_route=\/wp\/v2\/pages\/14347","targetHints":{"allow":["GET"]}}],"collection":[{"href":"http:\/\/www.bernhard-lassahn.de\/index.php?rest_route=\/wp\/v2\/pages"}],"about":[{"href":"http:\/\/www.bernhard-lassahn.de\/index.php?rest_route=\/wp\/v2\/types\/page"}],"author":[{"embeddable":true,"href":"http:\/\/www.bernhard-lassahn.de\/index.php?rest_route=\/wp\/v2\/users\/1"}],"replies":[{"embeddable":true,"href":"http:\/\/www.bernhard-lassahn.de\/index.php?rest_route=%2Fwp%2Fv2%2Fcomments&post=14347"}],"version-history":[{"count":0,"href":"http:\/\/www.bernhard-lassahn.de\/index.php?rest_route=\/wp\/v2\/pages\/14347\/revisions"}],"wp:attachment":[{"href":"http:\/\/www.bernhard-lassahn.de\/index.php?rest_route=%2Fwp%2Fv2%2Fmedia&parent=14347"}],"curies":[{"name":"wp","href":"https:\/\/api.w.org\/{rel}","templated":true}]}}