{"id":238,"date":"2014-03-03T12:28:35","date_gmt":"2014-03-03T11:28:35","guid":{"rendered":"http:\/\/bernhard-lassahn.de\/BERNHARD-LASSAHN\/?page_id=238"},"modified":"2020-07-21T10:23:47","modified_gmt":"2020-07-21T08:23:47","slug":"infokontakt","status":"publish","type":"page","link":"http:\/\/www.bernhard-lassahn.de\/?page_id=238","title":{"rendered":"Termine\/Info\/Kontakt"},"content":{"rendered":"<h1><\/h1>\n<h1><\/h1>\n<h1><\/h1>\n<h1><\/h1>\n<h1><\/h1>\n<h1><\/h1>\n<h1><strong>Termine<\/strong><\/h1>\n<p>Am jeweils zweiten Dienstag eines Monats treten im\u00a0<a href=\"https:\/\/www.facebook.com\/ZebranoTheater\/\"><strong>Zebrano-Theater<\/strong><\/a>\u00a0\u2013 hier das <a href=\"http:\/\/www.zebrano-theater.de\/programm.html\"><strong>Programm<\/strong><\/a> \u2013 in der Sonntagsstr. 8, um 19 Uhr 30 die so genannten Dienstagspropheten auf\u00a0mit der Stammbesetzung\u00a0<a href=\"http:\/\/www.martinbetz.de\/\"><strong>Martin Betz<\/strong><\/a>,\u00a0<a href=\"http:\/\/sebastiankraemer.de\/\"><strong>Sebastian Kr\u00e4mer<\/strong><\/a>,\u00a0<a href=\"http:\/\/www.weisfeld.de\/\"><strong>Georg Weisfeld<\/strong><\/a>, Bernhard Lassahn und jeweils einem Gast.<\/p>\n<p style=\"text-align: center;\">Der n\u00e4chste Termin steht in den Sternen<\/p>\n<h1>Info<\/h1>\n<p style=\"text-align: left;\"><strong>Bernhard Lassahn<\/strong> <strong>\u2028<\/strong>wurde am 15. April 1951 in Coswig\/Anhalt geboren. Als er zwei Jahre alt war, fl\u00fcchtete die Familie \u00fcber Berlin in den Westen. Er ging in Osnabr\u00fcck zur Schule, war 1968\/69 Austauschsch\u00fcler in Hartford\/Michigan, studierte in Marburg und T\u00fcbingen und lebte lange mit Frau und Tochter in Hamburg. Er war Stadtschreiber in Otterndorf, Stipendiat im Kloster Cismar und Turmschreiber in Abenberg. Er ist der erster Preistr\u00e4ger des Preises \u201aSalzburger Stier\u2019, der f\u00fcr Kabarett- und Rundfunktexte verliehen wurde. Er ist Mitglied im PEN und im Verein <a href=\"http:\/\/www.froschkoenig-berlin.de\/index.php\/ueber-uns\/stummfilm-a-piano\"><strong>\u201aLaufende Bilder\u2019<\/strong><\/a>, der die Zeit der Stummfilme wiederauferstehen l\u00e4sst. Zur Zeit lebt er in Berlin und tritt regelm\u00e4\u00dfig in der Leseb\u00fchne des\u00a0<a href=\"http:\/\/www.zebrano-theater.de\/\"><strong>Zebrano-Theaters<\/strong><\/a>\u00a0auf und schreibt unregelm\u00e4\u00dfig f\u00fcr die Blogs\u00a0<a href=\"http:\/\/www.achgut.com\/dadgdx\/index.php\/search\/results\/31211c495c3ec679f05157d6e5b59819\/\"><strong>\u201aDie Achse des Guten\u2019<\/strong><\/a>\u00a0und\u00a0<a href=\"http:\/\/cuncti.net\/autoren\/45-blassahn\"><strong>\u201aCuncti\u2019<\/strong><\/a>. Vorgestellt wird er im Programmbuch des ersten internationalen Literaturfestivals Berlin, auf der Seite \u201aLiteraturport\u2019 und auf Wikipedia. Und <a href=\"http:\/\/www.bernhard-lassahn.de\/wp-content\/uploads\/2014\/03\/lassahn_bernhard.pdf\">hier<\/a>.<\/p>\n<p style=\"text-align: left;\">Meine<\/p>\n<h1><strong>B\u00fccher<\/strong><\/h1>\n<p style=\"text-align: left;\">werden auf dieser Seite besprochen. <strong>B\u00fccher mit Streit- und Vers\u00f6hnungsschriften<\/strong> findet man auf der Seite <a href=\"http:\/\/www.frau-ohne-welt.de\/\"><em>Frau ohne Welt<\/em><\/a>. Da geht es auch um die M\u00f6glichkeiten zur Rettung der Liebe. <strong>B\u00fccher f\u00fcr kleine, mittelgro\u00dfe und gro\u00dfe Kinder<\/strong> sind auf der Seite<a href=\"http:\/\/www.schatz-der-bananenbieger.de\/?page_id=2\"> <em>Blaub\u00e4r und Bananenbieger<\/em> <\/a>aufgelistet. Da findet man auch die Wahrheit \u00fcber K\u00e4pt\u2019n Blaub\u00e4r. <strong>Lieder und B\u00fccher dazu<\/strong> gibt es auf der Seite <a href=\"http:\/\/www.turm-der-lieder.de\/\"><em>Turm der Lieder.<\/em><\/a><\/p>\n<h1><strong>Fotos<\/strong><\/h1>\n<p style=\"text-align: center;\"><a href=\"http:\/\/www.bernhard-lassahn.de\/wp-content\/uploads\/2014\/03\/bernhard_lassahn_fotos.zip\"><strong>Honorarfreie Pressefotos<\/strong><\/a><\/p>\n<h1><\/h1>\n<h1><strong>Kontakt<\/strong><\/h1>\n<p style=\"text-align: left;\">per E-mail: <a href=\"mailto:kontakt@bernhard-lassahn.de\"><strong>kontakt@bernhard-lassahn.de<\/strong><\/a> Oder:<\/p>\n<div data-test='contact-form'\n\t\t\tid='contact-form-238'\n\t\t\tclass='wp-block-jetpack-contact-form-container '\n\t\t\tdata-wp-interactive='jetpack\/form' data-wp-context='{\"formId\":\"238\",\"formHash\":\"07efb404959e764868cb3ac1f5db64343d956b49\",\"showErrors\":false,\"errors\":[],\"fields\":[],\"isMultiStep\":false,\"useAjax\":true,\"submissionData\":null,\"formattedSubmissionData\":[],\"submissionSuccess\":false,\"submissionError\":null,\"elementId\":\"jp-form-07efb404959e764868cb3ac1f5db64343d956b49\",\"isSingleInputForm\":false}'\n\t\t\tdata-wp-watch--scroll-to-wrapper=\"callbacks.scrollToWrapper\"\n\t\t>\n<div class=\"contact-form-submission contact-form-ajax-submission\" data-wp-class--submission-success=\"context.submissionSuccess\"><p class=\"go-back-message\"><a class=\"link\" role=\"button\" tabindex=\"0\" data-wp-on--click=\"actions.goBack\" href=\"\/index.php?rest_route=%2Fwp%2Fv2%2Fpages%2F238\">Zur\u00fcck<\/a><\/p><h4 id=\"contact-form-success-header\">Deine Nachricht wurde gesendet<\/h4>\n\n<template data-wp-each--submission=\"context.formattedSubmissionData\">\n\t\t\t\t\t<div class=\"jetpack_forms_contact-form-success-summary\">\n\t\t\t\t\t\t<div class=\"field-name\" data-wp-text=\"context.submission.label\" data-wp-bind--hidden=\"!context.submission.label\"><\/div>\n\t\t\t\t\t\t<div class=\"field-value\" data-wp-text=\"context.submission.value\"><\/div>\n\t\t\t\t\t\t<div class=\"field-images\" data-wp-bind--hidden=\"!context.submission.images\">\n\t\t\t\t\t\t\t<template data-wp-each--image=\"context.submission.images\">\n\t\t\t\t\t\t\t\t<figure class=\"field-image\" data-wp-class--is-empty=\"!context.image\">\n\t\t\t\t\t\t\t\t\t<img data-wp-bind--src=\"context.image\" data-wp-bind--hidden=\"!context.image\" \/>\n\t\t\t\t\t\t\t\t\t<img decoding=\"async\" src=\"data:image\/gif;base64,R0lGODlhAQABAAD\/ACwAAAAAAQABAAACADs=\" data-wp-bind--hidden=\"context.image\" \/>\n\t\t\t\t\t\t\t\t<\/figure>\n\t\t\t\t\t\t\t<\/template>\n\t\t\t\t\t\t<\/div>\n\t\t\t\t\t<\/div>\n\t\t\t\t<\/template><\/div><form action='http:\/\/www.bernhard-lassahn.de\/?page_id=238'\n\t\t\t\tid='jp-form-07efb404959e764868cb3ac1f5db64343d956b49'\n\t\t\t\tmethod='post'\n\t\t\t\tclass='contact-form commentsblock' aria-label=\"Termine\/Info\/Kontakt\"\n\t\t\t\tdata-wp-on--submit=\"actions.onFormSubmit\"\n\t\t\t\tdata-wp-on--reset=\"actions.onFormReset\"\n\t\t\t\tdata-wp-class--submission-success=\"context.submissionSuccess\"\n\t\t\t\tdata-wp-class--is-first-step=\"state.isFirstStep\"\n\t\t\t\tdata-wp-class--is-last-step=\"state.isLastStep\"\n\t\t\t\tdata-wp-class--is-ajax-form=\"context.useAjax\"\n\t\t\t\tnovalidate >\n<input type='hidden' name='jetpack_contact_form_jwt' value='eyJ0eXAiOiJKV1QiLCJhbGciOiJIUzI1NiJ9.eyJlbmNyeXB0ZWRfYXR0cmlidXRlcyI6IjA3ZllxRGxkM1pJNEYvajVsc3liUFRVM3BGYXhnRDg1WXdtdUUxZ0U1ekRIT1BoNDI4bGtzc0pZNWlhc3FiNXQ2aDRnZFRKU3R3Ym9wczA3QWxGejduUlM0cHcwbS83QWxkWXgrTUdVR3lHMGVPMitOUGhDbXpaWUl1bW95VkhEcTNyZTB3cC9KYVdkeGJES0FNUWJLdnJ5M3ZubzVYY3BpV3dGZk9kWWIwbWFEVmExVW1nS1lZTTdDWDFuUDNlVHkvd3FmM0lvYXJPNmJLYzc4SFdNb1JZWDBKb1NlRTE1VFlFeG9Lc1lUcWlldlpCSjc5MWtRejQ0TGVLRnVCWVdvaUttbGJQeGN4dEEyWlJkL1Y4Q3NMN3hIbU9aWVZJNU4wSXVka1g0MGJpcHpPeTNDdmpDeVB4NkVOOWtnSnRlUmdyNDM2TmtMcDVhVGxJUWJQY09EMUQyZUwxTnRRSlFaNXJVTGJjb2dxN21leVpjMlowaVhuUGJqc0lGSFVISTZFVEtpUHN1OEVYWmlNTzFPUVRpV1FkVzQyMDdqN2lTYlZHM3hoaDQ2cmcvMFl1MzBxR05IY1NaSXlyZ1ZjUjFTMkFxbTJjTDhlMVVHU1N4aGFIY0orQ1pxdVcvYk5JbHJhZGlWRE1aUnJhOUR4MXBmNTZkbVR0aGcySW5QQ0NQS3NRcTRwTHZjWnJVM1Ivay9IV2NDQklKcHRHeXZWNUVaUUNHWlJsb3Y5dUFHZXB5cmRhWm1sK1crVTFXcTlQcjF6ZzBYN2IzaTBpb1BIOFBUTTN0QndVUFBnODN6K1VxUURENU9SME1FeGlUeHIwRkpOYnN2NGlzSUY0SEdmZ3BxdEcxZGFLUHcrV3RMY2xtQVdrUGF0aHkzbU9VQmhkOTNJam5ydlRXOXpJUDNEaTVSaFkzbytGQzlmemZzVFZ3V1luM092c0tyeEhucjUya3R6ZklNblhBbCtWaTdUL29aaXBka1pITkJwN0RpR21JTXphdzYwYXRMeVhWSDBSMzBhbkRWRTl0THJuczJIYzVuV3E5b2g1UkY3c1M0dUpWejF6b3JvNTdhN2g0TGwvRTlpTXFBd0RlbmdvNHRYNVZ4YnUwSjJIZktZeVN4bC9jSFdQZGZDNE1lS3pFR01sMjFZU0I5WTYzWWd2WDVTbVdUWUVCMlVWUEFJUktTbVNaUnZxMWV6bDBBRFpObk0xWGpiZ2kiLCJjb250ZW50IjoiJiM4MjIwO11bY29udGFjdC1maWVsZCBsYWJlbD1cIk5hbWVcIiB0eXBlPVwibmFtZVwiXVtjb250YWN0LWZpZWxkIGxhYmVsPVwiRS1NYWlsIFwiIHR5cGU9XCJlbWFpbFwiIHJlcXVpcmVkPVwiMVwiXVtjb250YWN0LWZpZWxkIGxhYmVsPVwiTmFjaHJpY2h0XCIgdHlwZT1cInRleHRhcmVhXCIgcmVxdWlyZWQ9XCIxXCJdIiwiaGFzaCI6IjA3ZWZiNDA0OTU5ZTc2NDg2OGNiM2FjMWY1ZGI2NDM0M2Q5NTZiNDkiLCJzb3VyY2UiOnsiZW50cnlfdGl0bGUiOiJUZXJtaW5lL0luZm8vS29udGFrdCIsImVudHJ5X3BhZ2UiOjEsInNvdXJjZV9pZCI6MjM4LCJzb3VyY2VfdHlwZSI6InNpbmdsZSIsInJlcXVlc3RfdXJsIjoiaHR0cDovL3d3dy5iZXJuaGFyZC1sYXNzYWhuLmRlIn0sInZlcnNpb24iOjIsImNpcGhlciI6ImFlcy0yNTYtZ2NtIn0.gWWYRXffci7X1HwQTETlfSLKqmIsPdOD4hFMn9ZTmfg' \/>\n&#8220;]\n<div style=\"\"  data-wp-interactive=\"jetpack\/form\" data-wp-context='{\"fieldId\":\"g238-name\",\"fieldType\":\"name\",\"fieldLabel\":\"Name\",\"fieldValue\":\"\",\"fieldPlaceholder\":\"\",\"fieldIsRequired\":\"\",\"fieldErrorMessage\":\"\",\"fieldExtra\":[],\"formHash\":\"07efb404959e764868cb3ac1f5db64343d956b49\"}'  class='grunion-field-name-wrap grunion-field-wrap'  data-wp-init='callbacks.initializeField' data-wp-on--jetpack-form-reset='callbacks.initializeField' >\n<label\n\t\t\t\tfor='g238-name' class=\"grunion-field-label name\" >Name<\/label>\n<input\n\t\t\t\t\ttype='text'\n\t\t\t\t\tname='g238-name'\n\t\t\t\t\tid='g238-name'\n\t\t\t\t\tvalue=''\n\n\t\t\t\t\tdata-wp-bind--aria-invalid='state.fieldHasErrors'\n\t\t\t\t\tdata-wp-bind--value='state.getFieldValue'\n\t\t\t\t\taria-errormessage='g238-name-text-error-message'\n\t\t\t\t\tdata-wp-on--input='actions.onFieldChange'\n\t\t\t\t\tdata-wp-on--blur='actions.onFieldBlur'\n\t\t\t\t\tdata-wp-class--has-value='state.hasFieldValue'\n\n\t\t\t\t\tclass='name  grunion-field' \n\t\t\t\t\t \/>\n \n\t\t\t<div id=\"g238-name-text-error\" class=\"contact-form__input-error\" data-wp-class--has-errors=\"state.fieldHasErrors\">\n\t\t\t\t<span class=\"contact-form__warning-icon\">\n\t\t\t\t\t<svg width=\"16\" height=\"16\" viewBox=\"0 0 16 16\" fill=\"none\" xmlns=\"http:\/\/www.w3.org\/2000\/svg\">\n\t\t\t\t\t\t<path d=\"M8.50015 11.6402H7.50015V10.6402H8.50015V11.6402Z\" \/>\n\t\t\t\t\t\t<path d=\"M7.50015 9.64018H8.50015V6.30684H7.50015V9.64018Z\" \/>\n\t\t\t\t\t\t<path fill-rule=\"evenodd\" clip-rule=\"evenodd\" d=\"M6.98331 3.0947C7.42933 2.30177 8.57096 2.30177 9.01698 3.09469L13.8771 11.7349C14.3145 12.5126 13.7525 13.4735 12.8602 13.4735H3.14004C2.24774 13.4735 1.68575 12.5126 2.12321 11.7349L6.98331 3.0947ZM8.14541 3.58496C8.08169 3.47168 7.9186 3.47168 7.85488 3.58496L2.99478 12.2251C2.93229 12.3362 3.01257 12.4735 3.14004 12.4735H12.8602C12.9877 12.4735 13.068 12.3362 13.0055 12.2251L8.14541 3.58496Z\" \/>\n\t\t\t\t\t<\/svg>\n\t\t\t\t\t<span class=\"visually-hidden\">Warnung<\/span>\n\t\t\t\t<\/span>\n\t\t\t\t<span data-wp-text=\"state.errorMessage\" id=\"g238-name-text-error-message\" role=\"alert\" aria-live=\"assertive\"><\/span>\n\t\t\t<\/div> \n\t<\/div>\n\n<div style=\"\"  data-wp-interactive=\"jetpack\/form\" data-wp-context='{\"fieldId\":\"g238-email\",\"fieldType\":\"email\",\"fieldLabel\":\"E-Mail \",\"fieldValue\":\"\",\"fieldPlaceholder\":\"\",\"fieldIsRequired\":\"1\",\"fieldErrorMessage\":\"\",\"fieldExtra\":[],\"formHash\":\"07efb404959e764868cb3ac1f5db64343d956b49\"}'  class='grunion-field-email-wrap grunion-field-wrap'  data-wp-init='callbacks.initializeField' data-wp-on--jetpack-form-reset='callbacks.initializeField' >\n<label\n\t\t\t\tfor='g238-email' class=\"grunion-field-label email\" >E-Mail <span class=\"grunion-label-required\" aria-hidden=\"true\">(erforderlich)<\/span><\/label>\n<input\n\t\t\t\t\ttype='email'\n\t\t\t\t\tname='g238-email'\n\t\t\t\t\tid='g238-email'\n\t\t\t\t\tvalue=''\n\n\t\t\t\t\tdata-wp-bind--aria-invalid='state.fieldHasErrors'\n\t\t\t\t\tdata-wp-bind--value='state.getFieldValue'\n\t\t\t\t\taria-errormessage='g238-email-email-error-message'\n\t\t\t\t\tdata-wp-on--input='actions.onFieldChange'\n\t\t\t\t\tdata-wp-on--blur='actions.onFieldBlur'\n\t\t\t\t\tdata-wp-class--has-value='state.hasFieldValue'\n\n\t\t\t\t\tclass='email  grunion-field' \n\t\t\t\t\trequired='true' aria-required='true'  \/>\n \n\t\t\t<div id=\"g238-email-email-error\" class=\"contact-form__input-error\" data-wp-class--has-errors=\"state.fieldHasErrors\">\n\t\t\t\t<span class=\"contact-form__warning-icon\">\n\t\t\t\t\t<svg width=\"16\" height=\"16\" viewBox=\"0 0 16 16\" fill=\"none\" xmlns=\"http:\/\/www.w3.org\/2000\/svg\">\n\t\t\t\t\t\t<path d=\"M8.50015 11.6402H7.50015V10.6402H8.50015V11.6402Z\" \/>\n\t\t\t\t\t\t<path d=\"M7.50015 9.64018H8.50015V6.30684H7.50015V9.64018Z\" \/>\n\t\t\t\t\t\t<path fill-rule=\"evenodd\" clip-rule=\"evenodd\" d=\"M6.98331 3.0947C7.42933 2.30177 8.57096 2.30177 9.01698 3.09469L13.8771 11.7349C14.3145 12.5126 13.7525 13.4735 12.8602 13.4735H3.14004C2.24774 13.4735 1.68575 12.5126 2.12321 11.7349L6.98331 3.0947ZM8.14541 3.58496C8.08169 3.47168 7.9186 3.47168 7.85488 3.58496L2.99478 12.2251C2.93229 12.3362 3.01257 12.4735 3.14004 12.4735H12.8602C12.9877 12.4735 13.068 12.3362 13.0055 12.2251L8.14541 3.58496Z\" \/>\n\t\t\t\t\t<\/svg>\n\t\t\t\t\t<span class=\"visually-hidden\">Warnung<\/span>\n\t\t\t\t<\/span>\n\t\t\t\t<span data-wp-text=\"state.errorMessage\" id=\"g238-email-email-error-message\" role=\"alert\" aria-live=\"assertive\"><\/span>\n\t\t\t<\/div> \n\t<\/div>\n\n<div style=\"\"  data-wp-interactive=\"jetpack\/form\" data-wp-context='{\"fieldId\":\"g238-nachricht\",\"fieldType\":\"textarea\",\"fieldLabel\":\"Nachricht\",\"fieldValue\":\"\",\"fieldPlaceholder\":\"\",\"fieldIsRequired\":\"1\",\"fieldErrorMessage\":\"\",\"fieldExtra\":[],\"formHash\":\"07efb404959e764868cb3ac1f5db64343d956b49\"}'  class='grunion-field-textarea-wrap grunion-field-wrap'  data-wp-init='callbacks.initializeField' data-wp-on--jetpack-form-reset='callbacks.initializeField' >\n<label\n\t\t\t\tfor='contact-form-comment-g238-nachricht' class=\"grunion-field-label textarea\" >Nachricht<span class=\"grunion-label-required\" aria-hidden=\"true\">(erforderlich)<\/span><\/label>\n<textarea\n\t\t                style=''\n\t\t                name='g238-nachricht'\n\t\t                id='contact-form-comment-g238-nachricht'\n\t\t                rows='20'\n\t\t\t\t\t\tdata-wp-text='state.getFieldValue'\n\t\t\t\t\t\tdata-wp-on--input='actions.onFieldChange'\n\t\t\t\t\t\tdata-wp-on--blur='actions.onFieldBlur'\n\t\t\t\t\t\tdata-wp-class--has-value='state.hasFieldValue'\n\t\t\t\t\t\tdata-wp-bind--aria-invalid='state.fieldHasErrors'\n\t\t\t\t\t\taria-errormessage='g238-nachricht-textarea-error-message'\n\t\t\t\t\t\tclass='textarea  grunion-field'  required aria-required='true'><\/textarea>\n \n\t\t\t<div id=\"g238-nachricht-textarea-error\" class=\"contact-form__input-error\" data-wp-class--has-errors=\"state.fieldHasErrors\">\n\t\t\t\t<span class=\"contact-form__warning-icon\">\n\t\t\t\t\t<svg width=\"16\" height=\"16\" viewBox=\"0 0 16 16\" fill=\"none\" xmlns=\"http:\/\/www.w3.org\/2000\/svg\">\n\t\t\t\t\t\t<path d=\"M8.50015 11.6402H7.50015V10.6402H8.50015V11.6402Z\" \/>\n\t\t\t\t\t\t<path d=\"M7.50015 9.64018H8.50015V6.30684H7.50015V9.64018Z\" \/>\n\t\t\t\t\t\t<path fill-rule=\"evenodd\" clip-rule=\"evenodd\" d=\"M6.98331 3.0947C7.42933 2.30177 8.57096 2.30177 9.01698 3.09469L13.8771 11.7349C14.3145 12.5126 13.7525 13.4735 12.8602 13.4735H3.14004C2.24774 13.4735 1.68575 12.5126 2.12321 11.7349L6.98331 3.0947ZM8.14541 3.58496C8.08169 3.47168 7.9186 3.47168 7.85488 3.58496L2.99478 12.2251C2.93229 12.3362 3.01257 12.4735 3.14004 12.4735H12.8602C12.9877 12.4735 13.068 12.3362 13.0055 12.2251L8.14541 3.58496Z\" \/>\n\t\t\t\t\t<\/svg>\n\t\t\t\t\t<span class=\"visually-hidden\">Warnung<\/span>\n\t\t\t\t<\/span>\n\t\t\t\t<span data-wp-text=\"state.errorMessage\" id=\"g238-nachricht-textarea-error-message\" role=\"alert\" aria-live=\"assertive\"><\/span>\n\t\t\t<\/div>\n\t<\/div>\n\t<p class='contact-submit'>\n<div class=\"contact-form__error\" data-wp-class--show-errors=\"state.showFormErrors\"><span class=\"contact-form__warning-icon\"><span class=\"visually-hidden\">Warnung.<\/span><i aria-hidden=\"true\"><\/i><\/span>\n\t\t\t\t<span data-wp-text=\"state.getFormErrorMessage\"><\/span>\n\t\t\t\t<ul>\n\t\t\t\t<template data-wp-each=\"state.getErrorList\" data-wp-key=\"context.item.id\">\n\t\t\t\t\t<li><a data-wp-bind--href=\"context.item.anchor\" data-wp-on--click=\"actions.scrollIntoView\" data-wp-text=\"context.item.label\"><\/a><\/li>\n\t\t\t\t<\/template>\n\t\t\t\t<\/ul><\/div><div class=\"contact-form__error\" data-wp-class--show-errors=\"state.showSubmissionError\" data-wp-text=\"context.submissionError\"><\/div>\t\t<button type='submit' class='pushbutton-wide'>Senden<\/button>\t\t<input type='hidden' name='contact-form-id' value='238' \/>\n\t\t<input type='hidden' name='action' value='grunion-contact-form' \/>\n\t\t<input type='hidden' name='contact-form-hash' value='07efb404959e764868cb3ac1f5db64343d956b49' \/>\n\t<\/p>\n<p style=\"display: none !important;\" class=\"akismet-fields-container\" data-prefix=\"ak_\"><label>&#916;<textarea name=\"ak_hp_textarea\" cols=\"45\" rows=\"8\" maxlength=\"100\"><\/textarea><\/label><input type=\"hidden\" id=\"ak_js_1\" name=\"ak_js\" value=\"94\"\/><script>document.getElementById( \"ak_js_1\" ).setAttribute( \"value\", ( new Date() ).getTime() );<\/script><\/p><\/form>\n<\/div>\n","protected":false},"excerpt":{"rendered":"<p> Termine <\/p>\n<p>Am jeweils zweiten Dienstag eines Monats treten im Zebrano-Theater \u2013 hier das Programm \u2013 in der Sonntagsstr. 8, um 19 Uhr 30 die so genannten Dienstagspropheten auf mit der Stammbesetzung Martin Betz, Sebastian Kr\u00e4mer, Georg Weisfeld, Bernhard Lassahn und jeweils einem Gast.<\/p>\n<p style=\"text-align: center;\">Der n\u00e4chste Termin steht in den Sternen<\/p>\n<p> Info <\/p>\n<p [...] \n\n","protected":false},"author":1,"featured_media":0,"parent":0,"menu_order":0,"comment_status":"closed","ping_status":"open","template":"","meta":{"_acf_changed":false,"qubely_global_settings":"","qubely_interactions":"","footnotes":""},"class_list":["post-238","page","type-page","status-publish","hentry","odd"],"acf":[],"jetpack_sharing_enabled":true,"_links":{"self":[{"href":"http:\/\/www.bernhard-lassahn.de\/index.php?rest_route=\/wp\/v2\/pages\/238","targetHints":{"allow":["GET"]}}],"collection":[{"href":"http:\/\/www.bernhard-lassahn.de\/index.php?rest_route=\/wp\/v2\/pages"}],"about":[{"href":"http:\/\/www.bernhard-lassahn.de\/index.php?rest_route=\/wp\/v2\/types\/page"}],"author":[{"embeddable":true,"href":"http:\/\/www.bernhard-lassahn.de\/index.php?rest_route=\/wp\/v2\/users\/1"}],"replies":[{"embeddable":true,"href":"http:\/\/www.bernhard-lassahn.de\/index.php?rest_route=%2Fwp%2Fv2%2Fcomments&post=238"}],"version-history":[{"count":0,"href":"http:\/\/www.bernhard-lassahn.de\/index.php?rest_route=\/wp\/v2\/pages\/238\/revisions"}],"wp:attachment":[{"href":"http:\/\/www.bernhard-lassahn.de\/index.php?rest_route=%2Fwp%2Fv2%2Fmedia&parent=238"}],"curies":[{"name":"wp","href":"https:\/\/api.w.org\/{rel}","templated":true}]}}