{"id":80,"date":"2014-02-25T08:37:28","date_gmt":"2014-02-25T07:37:28","guid":{"rendered":"http:\/\/bernhard-lassahn.de\/BERNHARD-LASSAHN\/?page_id=80"},"modified":"2021-01-06T19:29:39","modified_gmt":"2021-01-06T18:29:39","slug":"experimente","status":"publish","type":"page","link":"http:\/\/www.bernhard-lassahn.de\/","title":{"rendered":"Startseite"},"content":{"rendered":"<p>Hier gibt es einen R\u00fcckblick auf meine <strong><a href=\"http:\/\/www.bernhard-lassahn.de\/?cat=31\">B\u00fccher<\/a><\/strong>.<\/p>\n<p>Nicht auf alle. Ich habe sie vorher sortiert. B\u00fccher, die ich unter Pseudonym geschrieben habe, sind nicht ber\u00fccksichtigt.<\/p>\n<p>So habe ich die B\u00fccher \u2013 und meine Kommentare und Erg\u00e4nzungen dazu \u2013 sortiert:<\/p>\n<p>&nbsp;<\/p>\n<p>1.<\/p>\n<p>Die B\u00fccher f\u00fcr Erwachsene. Die werden hier auf dieser Seite vorgestellt. Au\u00dferdem finden sich hier Beitr\u00e4ge zu G\u00fcnther Anders und zu Jordan Peterson \u2013 zwei Vorbildern, mit denen ich mich besch\u00e4ftigt habe. Dazu gibt es Texte aus der &#8222;Welt der Literatur&#8220; von Peter Handke zu Heinz Erhardt und Meldungen aus dem Literaturbetrieb etwa \u00fcber die Gef\u00e4hrlichkeit von Witzen und die Formen von Zensur, mit denen wir es heute zu tun haben. Ich habe au\u00dferdem eine Ecke eingerichtet mit kleinen Texten \u2013 etwa auf Postkarten \u2013 &#8222;aus aller Welt&#8220;. Es gibt auch etwas in englischer Sprache.<\/p>\n<p>2.<\/p>\n<p>Die Streit- und Vers\u00f6hnungsschriften zur Geschlechter-Frage finden sich auf der Seite <a href=\"http:\/\/www.frau-ohne-welt.de\/\">&#8218;Frau ohne Welt&#8216;<\/a>, gleich nebenan. Da werden die drei B\u00fccher mit dem Titel &#8218;Frau ohne Welt&#8216; vorgestellt, mit den Untertiteln &#8218;Krieg gegen den Mann&#8216;, &#8218;Krieg gegen das Kind&#8216; und &#8218;Krieg gegen die Zukunft, und es gibt weitere Texte zu dem Thema. Auf Englisch gibt es meinen Vortrag \u00fcber das Drama der fehlenden V\u00e4ter f\u00fcr die internationale Konferenz ICMI.<\/p>\n<p>3.<\/p>\n<p>Um Lieder und Liedermacher geht auf der Seite <a href=\"http:\/\/www.turm-der-lieder.de\/\">&#8218;Turm der Lieder&#8216;<\/a>, gleich nebenan. Da kann man einige meiner Lieder h\u00f6ren und nachlesen, was ich so \u00fcber andere Liedermacher geschrieben habe, etwa \u00fcber Georg Kreisler oder Christof St\u00e4hlin. Aber auch \u00fcber \u00fcber andere Helden aus der Welt der Musik, \u00fcber Joseph Haydn, Procol Harum und Leonard Cohen. Hier habe ich auch eine Seite eingerichtet f\u00fcr die Leseb\u00fchne &#8218;Dienstagspropheten&#8216; vom Zebrano-Theater.<\/p>\n<p>4.<\/p>\n<p>B\u00fccher f\u00fcr Kinder sind auf der Seite <a href=\"http:\/\/www.schatz-der-bananenbieger.de\/\">&#8218;Blaub\u00e4r und Bananenbieger&#8216;<\/a>, ebenfalls gleich nebenan. Da finden wir endlich die Wahrheit \u00fcber K\u00e4pt&#8217;n Blaub\u00e4r \u2013 ungelogen, ungelogen \u2013 und Hein Bl\u00f6d, aber auch \u00fcber gute Piraten und schlechte Piraten, \u00fcber Ente Quatsch und \u00fcber die kleinen Tiere. Und nat\u00fcrlich \u00fcber die ber\u00fchmten Bananenbieger, die es nicht nur in der S\u00fcdsee gibt. Vielleicht ahnen wir auch schon, was es mit dem Schatz auf sich hat.<\/p>\n<p>&nbsp;<\/p>\n<p>&nbsp;<\/p>\n<p>&nbsp;<\/p>\n<p>&nbsp;<\/p>\n<p>&nbsp;<\/p>\n<h1><\/h1>\n<p>&nbsp;<\/p>\n","protected":false},"excerpt":{"rendered":"<p>Hier gibt es einen R\u00fcckblick auf meine B\u00fccher.<\/p>\n<p>Nicht auf alle. Ich habe sie vorher sortiert. B\u00fccher, die ich unter Pseudonym geschrieben habe, sind nicht ber\u00fccksichtigt.<\/p>\n<p>So habe ich die B\u00fccher \u2013 und meine Kommentare und Erg\u00e4nzungen dazu \u2013 sortiert:<\/p>\n<p>&nbsp;<\/p>\n<p>1.<\/p>\n<p>Die B\u00fccher f\u00fcr Erwachsene. Die werden hier auf dieser Seite vorgestellt. Au\u00dferdem finden [&#8230;]<\/p>\n","protected":false},"author":1,"featured_media":0,"parent":0,"menu_order":0,"comment_status":"open","ping_status":"closed","template":"","meta":{"_acf_changed":false,"qubely_global_settings":"","qubely_interactions":"","footnotes":""},"class_list":["post-80","page","type-page","status-publish","hentry","odd"],"acf":[],"jetpack_sharing_enabled":true,"_links":{"self":[{"href":"http:\/\/www.bernhard-lassahn.de\/index.php?rest_route=\/wp\/v2\/pages\/80","targetHints":{"allow":["GET"]}}],"collection":[{"href":"http:\/\/www.bernhard-lassahn.de\/index.php?rest_route=\/wp\/v2\/pages"}],"about":[{"href":"http:\/\/www.bernhard-lassahn.de\/index.php?rest_route=\/wp\/v2\/types\/page"}],"author":[{"embeddable":true,"href":"http:\/\/www.bernhard-lassahn.de\/index.php?rest_route=\/wp\/v2\/users\/1"}],"replies":[{"embeddable":true,"href":"http:\/\/www.bernhard-lassahn.de\/index.php?rest_route=%2Fwp%2Fv2%2Fcomments&post=80"}],"version-history":[{"count":0,"href":"http:\/\/www.bernhard-lassahn.de\/index.php?rest_route=\/wp\/v2\/pages\/80\/revisions"}],"wp:attachment":[{"href":"http:\/\/www.bernhard-lassahn.de\/index.php?rest_route=%2Fwp%2Fv2%2Fmedia&parent=80"}],"curies":[{"name":"wp","href":"https:\/\/api.w.org\/{rel}","templated":true}]}}